{"id":104,"date":"2023-02-02T09:46:23","date_gmt":"2023-02-02T08:46:23","guid":{"rendered":"https:\/\/newwayacademy.fr\/?page_id=104"},"modified":"2026-03-25T20:59:53","modified_gmt":"2026-03-25T19:59:53","slug":"qui-sommes-nous","status":"publish","type":"page","link":"https:\/\/newwayacademy.fr\/index.php\/qui-sommes-nous\/","title":{"rendered":"Qui sommes nous ?"},"content":{"rendered":"\n<p class=\"has-large-font-size\"><strong>L&#8217;association <\/strong><\/p>\n\n\n\n<p>Notre association Team New Way de loi 1901, n\u00e9e le 30 juin 2019, situ\u00e9e en Occitanie a pour but de d\u00e9velopper et favoriser la pratique, l\u2019enseignement et la promotion de l\u2019\u00e9quitation, d\u2019assurer les formations aux m\u00e9tiers du cheval. Notre objectif commun est de dynamiser la fili\u00e8re \u00e9quine et de valoriser l\u2019\u00e9quitation western.<\/p>\n\n\n\n<p>Notre centre de formation professionnelle New Way Academy a pour vocation de permettre au plus grand nombre d\u2019acc\u00e9der aux m\u00e9tiers de la fili\u00e8re cheval et notamment aux formations f\u00e9d\u00e9rales de<\/p>\n\n\n\n<ul class=\"wp-block-list\">\n<li>BPJEPS \u00e9quitation <\/li>\n\n\n\n<li>Formation de Juge Western<\/li>\n\n\n\n<li>Brevet F\u00e9d\u00e9ral Equi-handi Module moteur et sensoriel et module mental (BFEH)<\/li>\n<\/ul>\n\n\n\n<h2 class=\"wp-block-heading\">La Team de l&#8217;asso :<\/h2>\n\n\n\n<p>Presidente : Laure Guyot <\/p>\n\n\n\n<p>Secretaire : Sandrine Recurt <\/p>\n\n\n\n<p>Tr\u00e9sori\u00e8re : Martine Guyot<\/p>\n\n\n\n<p><\/p>\n\n\n\n<h2 class=\"wp-block-heading\">La Team Formateur BFM :<\/h2>\n\n\n\n<p>Francois Guyot : Coordinateur &amp; formateur independant <\/p>\n\n\n\n<p>Fanny Mignot : Formatrice projet professionel et communication independante<\/p>\n\n\n\n<p>Laura Recurt : Administratif <\/p>\n\n\n\n<p>Ainsi que 5 intervenants sp\u00e9cialistes ! <\/p>\n\n\n\n<figure class=\"wp-block-image alignfull size-full\"><img loading=\"lazy\" decoding=\"async\" width=\"1024\" height=\"768\" src=\"https:\/\/newwayacademy.fr\/wp-content\/uploads\/2023\/02\/Blue-Professional-Startup-Business-Structure-Chart-Graph-1.png\" alt=\"\" class=\"wp-image-111\" srcset=\"https:\/\/newwayacademy.fr\/wp-content\/uploads\/2023\/02\/Blue-Professional-Startup-Business-Structure-Chart-Graph-1.png 1024w, https:\/\/newwayacademy.fr\/wp-content\/uploads\/2023\/02\/Blue-Professional-Startup-Business-Structure-Chart-Graph-1-300x225.png 300w, https:\/\/newwayacademy.fr\/wp-content\/uploads\/2023\/02\/Blue-Professional-Startup-Business-Structure-Chart-Graph-1-768x576.png 768w\" sizes=\"auto, (max-width: 1024px) 100vw, 1024px\" \/><\/figure>\n\n\n\n<p><\/p>\n","protected":false},"excerpt":{"rendered":"<p>L&#8217;association Notre association Team New Way de loi 1901, n\u00e9e le 30 juin 2019, situ\u00e9e en Occitanie a pour but de d\u00e9velopper et favoriser la pratique, l\u2019enseignement et la promotion de l\u2019\u00e9quitation, d\u2019assurer les formations aux m\u00e9tiers du cheval. Notre objectif commun est de dynamiser la fili\u00e8re \u00e9quine et de valoriser l\u2019\u00e9quitation western. Notre centre &hellip; <\/p>\n<p class=\"link-more\"><a href=\"https:\/\/newwayacademy.fr\/index.php\/qui-sommes-nous\/\" class=\"more-link\">Continue reading<span class=\"screen-reader-text\"> &#8220;Qui sommes nous ?&#8221;<\/span><\/a><\/p>\n","protected":false},"author":1,"featured_media":113,"parent":0,"menu_order":0,"comment_status":"closed","ping_status":"closed","template":"","meta":{"footnotes":""},"class_list":["post-104","page","type-page","status-publish","has-post-thumbnail","hentry","entry"],"_links":{"self":[{"href":"https:\/\/newwayacademy.fr\/index.php\/wp-json\/wp\/v2\/pages\/104","targetHints":{"allow":["GET"]}}],"collection":[{"href":"https:\/\/newwayacademy.fr\/index.php\/wp-json\/wp\/v2\/pages"}],"about":[{"href":"https:\/\/newwayacademy.fr\/index.php\/wp-json\/wp\/v2\/types\/page"}],"author":[{"embeddable":true,"href":"https:\/\/newwayacademy.fr\/index.php\/wp-json\/wp\/v2\/users\/1"}],"replies":[{"embeddable":true,"href":"https:\/\/newwayacademy.fr\/index.php\/wp-json\/wp\/v2\/comments?post=104"}],"version-history":[{"count":6,"href":"https:\/\/newwayacademy.fr\/index.php\/wp-json\/wp\/v2\/pages\/104\/revisions"}],"predecessor-version":[{"id":231,"href":"https:\/\/newwayacademy.fr\/index.php\/wp-json\/wp\/v2\/pages\/104\/revisions\/231"}],"wp:featuredmedia":[{"embeddable":true,"href":"https:\/\/newwayacademy.fr\/index.php\/wp-json\/wp\/v2\/media\/113"}],"wp:attachment":[{"href":"https:\/\/newwayacademy.fr\/index.php\/wp-json\/wp\/v2\/media?parent=104"}],"curies":[{"name":"wp","href":"https:\/\/api.w.org\/{rel}","templated":true}]}}