{"id":2,"date":"2022-09-28T09:20:28","date_gmt":"2022-09-28T07:20:28","guid":{"rendered":"http:\/\/newwayacademy.fr\/?page_id=2"},"modified":"2026-01-06T13:58:15","modified_gmt":"2026-01-06T12:58:15","slug":"https-newwayacademy-fr-index-php-https-newwayacademy-fr-wp-admin-post-phppost2actionedit","status":"publish","type":"page","link":"https:\/\/newwayacademy.fr\/index.php\/https-newwayacademy-fr-index-php-https-newwayacademy-fr-wp-admin-post-phppost2actionedit\/","title":{"rendered":"Le BPJEPS"},"content":{"rendered":"\n<p><strong>Brevet professionnel \u00e9ducation jeunesse et sport \u00e9quitation <\/strong><\/p>\n\n\n\n<blockquote class=\"wp-block-quote is-layout-flow wp-block-quote-is-layout-flow\">\n<p class=\"has-text-align-center has-white-color has-primary-background-color has-text-color has-background\" style=\"font-style:italic;font-weight:400\">&nbsp;&#8220;Be curious not critical,<br>&nbsp;Be careful not crushing,<br>&nbsp; &nbsp;&nbsp;Ask don&#8217;t tell,<br>         Connect before you correct.&#8221;&nbsp;&nbsp;<\/p>\n<\/blockquote>\n\n\n\n<p class=\"has-text-align-left\" style=\"font-style:italic;font-weight:400;line-height:2\">Devenez moniteur western aux cot\u00e9s de Francois Guyot multiple champion, juge federal et instructeur.<\/p>\n\n\n\n<blockquote class=\"wp-block-quote is-layout-flow wp-block-quote-is-layout-flow\">\n<p class=\"has-dark-gray-color has-primary-background-color has-text-color has-background\" style=\"font-style:normal;font-weight:900\">Objectifs de la formation : <\/p>\n\n\n\n<p>-Enseignez l\u2019\u00e9quitation, de l\u2019initiation \u00e0 la comp\u00e9tition.<\/p>\n\n\n\n<p> -Encadrez des actions d\u2019animation, de d\u00e9couverte et d&#8217;enseignement en Equitation Western. <\/p>\n\n\n\n<p>&#8211; Travaillez, pr\u00e9parez et suivez un cheval d\u2019instruction.<\/p>\n\n\n\n<p> &#8211; Decouvrez les structures \u00e9questres et leur environnement<\/p>\n\n\n\n<p><\/p>\n<\/blockquote>\n\n\n\n<blockquote class=\"wp-block-quote is-layout-flow wp-block-quote-is-layout-flow\">\n<p class=\"has-dark-gray-color has-primary-background-color has-text-color has-background\" style=\"font-style:normal;font-weight:900\">Les Pr\u00e9requis<\/p>\n\n\n\n<p>\u2022 \u00catre titulaire du Galop 5 ou 7 Western<\/p>\n\n\n\n<p>\u2022 \u00catre sorti en comp\u00e9tition western amateur <\/p>\n\n\n\n<p>\u2022 Attestation de formation aux Premiers Secours<\/p>\n\n\n\n<p>\u2022 Test de s\u00e9lection New way : <\/p>\n\n\n\n<p>   Entretien\/Test technique (parcours)\/ Test p\u00e9dagogique<\/p>\n<\/blockquote>\n\n\n\n<blockquote class=\"wp-block-quote is-layout-flow wp-block-quote-is-layout-flow\">\n<p class=\"has-primary-color has-text-color has-normal-font-size\" style=\"font-style:normal;font-weight:600\">Dur\u00e9e : 11 mois, en alternance : 791h \u00e0 la NEW WAY ACADEMY + 880h stage en entreprise<\/p>\n\n\n\n<p><\/p>\n<cite><mark style=\"background-color:rgba(0, 0, 0, 0)\" class=\"has-inline-color has-secondary-color\"><strong>Accessibilit\u00e9 et handicap : <\/strong><br><br>Notre centre d&#8217;accueil b\u00e9n\u00e9ficie de la lab\u00e9lisations Equi-Handi FFE, la team New Way est en capacit\u00e9 d&#8217;int\u00e9grer un stagiaire en situation d&#8217;handicap ayant au pr\u00e9alable acquis tous les pr\u00e9requis indispensables pour d\u00e9marrer la formation ( structure adapt\u00e9e, visio-conf\u00e9rence et adaptabilit\u00e9 de l&#8217;\u00e9quipe encadrante) <\/mark><\/cite><\/blockquote>\n\n\n\n<figure class=\"wp-block-image size-full\"><a href=\"https:\/\/www.francecompetences.fr\/recherche\/rncp\/36359\/?fbclid=IwAR12SYhzhRqYq-9j4SVKLgj_P4JQ863y0FDzT_yPDDS2j86JvDx5nZtb4aI\"><img loading=\"lazy\" decoding=\"async\" width=\"601\" height=\"219\" src=\"https:\/\/newwayacademy.fr\/wp-content\/uploads\/2023\/02\/Capture-decran-2023-02-06-211243.png\" alt=\"\" class=\"wp-image-145\" srcset=\"https:\/\/newwayacademy.fr\/wp-content\/uploads\/2023\/02\/Capture-decran-2023-02-06-211243.png 601w, https:\/\/newwayacademy.fr\/wp-content\/uploads\/2023\/02\/Capture-decran-2023-02-06-211243-300x109.png 300w\" sizes=\"auto, (max-width: 601px) 100vw, 601px\" \/><\/a><\/figure>\n\n\n\n<p><\/p>\n","protected":false},"excerpt":{"rendered":"<p>Brevet professionnel \u00e9ducation jeunesse et sport \u00e9quitation &nbsp;&#8220;Be curious not critical,&nbsp;Be careful not crushing,&nbsp; &nbsp;&nbsp;Ask don&#8217;t tell, Connect before you correct.&#8221;&nbsp;&nbsp; Devenez moniteur western aux cot\u00e9s de Francois Guyot multiple champion, juge federal et instructeur. Objectifs de la formation : -Enseignez l\u2019\u00e9quitation, de l\u2019initiation \u00e0 la comp\u00e9tition. -Encadrez des actions d\u2019animation, de d\u00e9couverte et d&#8217;enseignement &hellip; <\/p>\n<p class=\"link-more\"><a href=\"https:\/\/newwayacademy.fr\/index.php\/https-newwayacademy-fr-index-php-https-newwayacademy-fr-wp-admin-post-phppost2actionedit\/\" class=\"more-link\">Continue reading<span class=\"screen-reader-text\"> &#8220;Le BPJEPS&#8221;<\/span><\/a><\/p>\n","protected":false},"author":1,"featured_media":91,"parent":0,"menu_order":0,"comment_status":"closed","ping_status":"closed","template":"","meta":{"footnotes":""},"class_list":["post-2","page","type-page","status-publish","has-post-thumbnail","hentry","entry"],"_links":{"self":[{"href":"https:\/\/newwayacademy.fr\/index.php\/wp-json\/wp\/v2\/pages\/2","targetHints":{"allow":["GET"]}}],"collection":[{"href":"https:\/\/newwayacademy.fr\/index.php\/wp-json\/wp\/v2\/pages"}],"about":[{"href":"https:\/\/newwayacademy.fr\/index.php\/wp-json\/wp\/v2\/types\/page"}],"author":[{"embeddable":true,"href":"https:\/\/newwayacademy.fr\/index.php\/wp-json\/wp\/v2\/users\/1"}],"replies":[{"embeddable":true,"href":"https:\/\/newwayacademy.fr\/index.php\/wp-json\/wp\/v2\/comments?post=2"}],"version-history":[{"count":31,"href":"https:\/\/newwayacademy.fr\/index.php\/wp-json\/wp\/v2\/pages\/2\/revisions"}],"predecessor-version":[{"id":211,"href":"https:\/\/newwayacademy.fr\/index.php\/wp-json\/wp\/v2\/pages\/2\/revisions\/211"}],"wp:featuredmedia":[{"embeddable":true,"href":"https:\/\/newwayacademy.fr\/index.php\/wp-json\/wp\/v2\/media\/91"}],"wp:attachment":[{"href":"https:\/\/newwayacademy.fr\/index.php\/wp-json\/wp\/v2\/media?parent=2"}],"curies":[{"name":"wp","href":"https:\/\/api.w.org\/{rel}","templated":true}]}}