{"id":81,"date":"2023-01-24T15:16:26","date_gmt":"2023-01-24T14:16:26","guid":{"rendered":"https:\/\/newwayacademy.fr\/?page_id=81"},"modified":"2026-01-05T21:07:39","modified_gmt":"2026-01-05T20:07:39","slug":"stages-preparatoires","status":"publish","type":"page","link":"https:\/\/newwayacademy.fr\/index.php\/stages-preparatoires\/","title":{"rendered":"Stages pr\u00e9paratoires :"},"content":{"rendered":"\n<p class=\"has-white-color has-primary-background-color has-text-color has-background\">L&#8217;importance de la mise \u00e0 niveau.<\/p>\n\n\n\n<p>Pour acc\u00e9der \u00e0 la formation un galop 7 est le minimum requis,  pour vous mettre \u00e0 niveau ou vous perfectionner nous proposons des stages pr\u00e9paratoires en amont des tests de s\u00e9lections .<\/p>\n\n\n\n<p>Ces stages se d\u00e9couleront pendant les vacances scolaires.<\/p>\n\n\n\n<p>Toute inscription se fait aupr\u00e8s de Francois Guyot <\/p>\n\n\n\n<figure class=\"wp-block-image alignfull size-full\"><img loading=\"lazy\" decoding=\"async\" width=\"710\" height=\"340\" src=\"https:\/\/newwayacademy.fr\/wp-content\/uploads\/2023\/02\/Dude_Ranch_11.jpeg\" alt=\"\" class=\"wp-image-129\" srcset=\"https:\/\/newwayacademy.fr\/wp-content\/uploads\/2023\/02\/Dude_Ranch_11.jpeg 710w, https:\/\/newwayacademy.fr\/wp-content\/uploads\/2023\/02\/Dude_Ranch_11-300x144.jpeg 300w\" sizes=\"auto, (max-width: 710px) 100vw, 710px\" \/><\/figure>\n","protected":false},"excerpt":{"rendered":"<p>L&#8217;importance de la mise \u00e0 niveau. Pour acc\u00e9der \u00e0 la formation un galop 7 est le minimum requis, pour vous mettre \u00e0 niveau ou vous perfectionner nous proposons des stages pr\u00e9paratoires en amont des tests de s\u00e9lections . Ces stages se d\u00e9couleront pendant les vacances scolaires. Toute inscription se fait aupr\u00e8s de Francois Guyot<\/p>\n","protected":false},"author":1,"featured_media":82,"parent":0,"menu_order":0,"comment_status":"closed","ping_status":"closed","template":"","meta":{"footnotes":""},"class_list":["post-81","page","type-page","status-publish","has-post-thumbnail","hentry","entry"],"_links":{"self":[{"href":"https:\/\/newwayacademy.fr\/index.php\/wp-json\/wp\/v2\/pages\/81","targetHints":{"allow":["GET"]}}],"collection":[{"href":"https:\/\/newwayacademy.fr\/index.php\/wp-json\/wp\/v2\/pages"}],"about":[{"href":"https:\/\/newwayacademy.fr\/index.php\/wp-json\/wp\/v2\/types\/page"}],"author":[{"embeddable":true,"href":"https:\/\/newwayacademy.fr\/index.php\/wp-json\/wp\/v2\/users\/1"}],"replies":[{"embeddable":true,"href":"https:\/\/newwayacademy.fr\/index.php\/wp-json\/wp\/v2\/comments?post=81"}],"version-history":[{"count":3,"href":"https:\/\/newwayacademy.fr\/index.php\/wp-json\/wp\/v2\/pages\/81\/revisions"}],"predecessor-version":[{"id":210,"href":"https:\/\/newwayacademy.fr\/index.php\/wp-json\/wp\/v2\/pages\/81\/revisions\/210"}],"wp:featuredmedia":[{"embeddable":true,"href":"https:\/\/newwayacademy.fr\/index.php\/wp-json\/wp\/v2\/media\/82"}],"wp:attachment":[{"href":"https:\/\/newwayacademy.fr\/index.php\/wp-json\/wp\/v2\/media?parent=81"}],"curies":[{"name":"wp","href":"https:\/\/api.w.org\/{rel}","templated":true}]}}