{"id":89,"date":"2023-01-24T15:40:56","date_gmt":"2023-01-24T14:40:56","guid":{"rendered":"https:\/\/newwayacademy.fr\/?page_id=89"},"modified":"2026-01-05T14:21:23","modified_gmt":"2026-01-05T13:21:23","slug":"cout-financement","status":"publish","type":"page","link":"https:\/\/newwayacademy.fr\/index.php\/cout-financement\/","title":{"rendered":"Cout &#038; Financement"},"content":{"rendered":"\n<p class=\"has-dark-gray-color has-primary-background-color has-text-color has-background\" style=\"font-style:normal;font-weight:900\">Un investissement pour votre avenir <\/p>\n\n\n\n<p>Stage de pr\u00e9paration aux tests d&#8217;entr\u00e9e conseill\u00e9  sur devis .<\/p>\n\n\n\n<p>Test d\u2019entr\u00e9e : 50 \u20ac<\/p>\n\n\n\n<p>Cursus court (12 mois) : 8500 \u20ac<\/p>\n\n\n\n<p>Frais de dossier : 90 \u20ac<\/p>\n\n\n\n<p>Certifications : 160 \u20ac<\/p>\n\n\n\n<p>(Possibilit\u00e9 de location ou pension de chevaux, logement)<\/p>\n\n\n\n<p>Cette formation peut etre pris en charge par votre opco, France travail, CPF etc\u2026<\/p>\n","protected":false},"excerpt":{"rendered":"<p>Un investissement pour votre avenir Stage de pr\u00e9paration aux tests d&#8217;entr\u00e9e conseill\u00e9 sur devis . Test d\u2019entr\u00e9e : 50 \u20ac Cursus court (12 mois) : 8500 \u20ac Frais de dossier : 90 \u20ac Certifications : 160 \u20ac (Possibilit\u00e9 de location ou pension de chevaux, logement) Cette formation peut etre pris en charge par votre opco, &hellip; <\/p>\n<p class=\"link-more\"><a href=\"https:\/\/newwayacademy.fr\/index.php\/cout-financement\/\" class=\"more-link\">Continue reading<span class=\"screen-reader-text\"> &#8220;Cout &#038; Financement&#8221;<\/span><\/a><\/p>\n","protected":false},"author":1,"featured_media":90,"parent":0,"menu_order":0,"comment_status":"closed","ping_status":"closed","template":"","meta":{"footnotes":""},"class_list":["post-89","page","type-page","status-publish","has-post-thumbnail","hentry","entry"],"_links":{"self":[{"href":"https:\/\/newwayacademy.fr\/index.php\/wp-json\/wp\/v2\/pages\/89","targetHints":{"allow":["GET"]}}],"collection":[{"href":"https:\/\/newwayacademy.fr\/index.php\/wp-json\/wp\/v2\/pages"}],"about":[{"href":"https:\/\/newwayacademy.fr\/index.php\/wp-json\/wp\/v2\/types\/page"}],"author":[{"embeddable":true,"href":"https:\/\/newwayacademy.fr\/index.php\/wp-json\/wp\/v2\/users\/1"}],"replies":[{"embeddable":true,"href":"https:\/\/newwayacademy.fr\/index.php\/wp-json\/wp\/v2\/comments?post=89"}],"version-history":[{"count":4,"href":"https:\/\/newwayacademy.fr\/index.php\/wp-json\/wp\/v2\/pages\/89\/revisions"}],"predecessor-version":[{"id":193,"href":"https:\/\/newwayacademy.fr\/index.php\/wp-json\/wp\/v2\/pages\/89\/revisions\/193"}],"wp:featuredmedia":[{"embeddable":true,"href":"https:\/\/newwayacademy.fr\/index.php\/wp-json\/wp\/v2\/media\/90"}],"wp:attachment":[{"href":"https:\/\/newwayacademy.fr\/index.php\/wp-json\/wp\/v2\/media?parent=89"}],"curies":[{"name":"wp","href":"https:\/\/api.w.org\/{rel}","templated":true}]}}